{"id":2359,"date":"2011-05-14T15:32:29","date_gmt":"2011-05-14T14:32:29","guid":{"rendered":"http:\/\/karo.iwasz.pl\/blog\/?page_id=2359"},"modified":"2024-09-05T11:08:15","modified_gmt":"2024-09-05T10:08:15","slug":"kontakt","status":"publish","type":"page","link":"https:\/\/karo.iwasz.pl\/blog\/?page_id=2359","title":{"rendered":"Info"},"content":{"rendered":"<p style=\"text-align: right;\"><span style=\"color: #444556;\"><a href=\"http:\/\/creativecommons.org\/licenses\/by-nc-nd\/4.0\/\" rel=\"license\"><img data-recalc-dims=\"1\" decoding=\"async\" class=\"alignright\" style=\"border-width: 0px;\" src=\"https:\/\/i0.wp.com\/i.creativecommons.org\/l\/by-nc-nd\/4.0\/88x31.png?ssl=1\" alt=\"Licencja Creative Commons\" \/><\/a><\/span><\/br><br \/>\n<a href=\"http:\/\/creativecommons.org\/licenses\/by-nc-nd\/4.0\/\">creative commons &#8211; uznanie autorstwa &#8211; u\u017cycie niekomercyjne &#8211; bez utwor\u00f3w zale\u017cnych<\/a><br \/>\n<span style=\"color: #444556;\">credit: jesie\u0144 fetyszysty, karo.iwasz.pl<\/span><\/p>\n<p style=\"text-align: right;\"><span style=\"color: #444556;\">kontakt: <\/span><a href=\"mailto:halojesieni@gmail.com\">halojesieni@gmail.com<\/a><\/p>\n","protected":false},"excerpt":{"rendered":"<p>creative commons &#8211; uznanie autorstwa &#8211; u\u017cycie niekomercyjne &#8211; bez utwor\u00f3w zale\u017cnych credit: jesie\u0144 fetyszysty, karo.iwasz.pl kontakt: halojesieni@gmail.com<\/p>\n","protected":false},"author":1,"featured_media":0,"parent":0,"menu_order":5,"comment_status":"open","ping_status":"closed","template":"commentable.php","meta":{"jetpack_post_was_ever_published":false,"footnotes":""},"class_list":["post-2359","page","type-page","status-publish","hentry"],"jetpack_sharing_enabled":false,"_links":{"self":[{"href":"https:\/\/karo.iwasz.pl\/blog\/index.php?rest_route=\/wp\/v2\/pages\/2359","targetHints":{"allow":["GET"]}}],"collection":[{"href":"https:\/\/karo.iwasz.pl\/blog\/index.php?rest_route=\/wp\/v2\/pages"}],"about":[{"href":"https:\/\/karo.iwasz.pl\/blog\/index.php?rest_route=\/wp\/v2\/types\/page"}],"author":[{"embeddable":true,"href":"https:\/\/karo.iwasz.pl\/blog\/index.php?rest_route=\/wp\/v2\/users\/1"}],"replies":[{"embeddable":true,"href":"https:\/\/karo.iwasz.pl\/blog\/index.php?rest_route=%2Fwp%2Fv2%2Fcomments&post=2359"}],"version-history":[{"count":58,"href":"https:\/\/karo.iwasz.pl\/blog\/index.php?rest_route=\/wp\/v2\/pages\/2359\/revisions"}],"predecessor-version":[{"id":11392,"href":"https:\/\/karo.iwasz.pl\/blog\/index.php?rest_route=\/wp\/v2\/pages\/2359\/revisions\/11392"}],"wp:attachment":[{"href":"https:\/\/karo.iwasz.pl\/blog\/index.php?rest_route=%2Fwp%2Fv2%2Fmedia&parent=2359"}],"curies":[{"name":"wp","href":"https:\/\/api.w.org\/{rel}","templated":true}]}}