{"id":4128,"date":"2012-02-23T22:29:53","date_gmt":"2012-02-23T21:29:53","guid":{"rendered":"http:\/\/karo.iwasz.pl\/blog\/?page_id=4128"},"modified":"2025-03-10T15:53:28","modified_gmt":"2025-03-10T14:53:28","slug":"dialogi","status":"publish","type":"page","link":"https:\/\/karo.iwasz.pl\/blog\/?page_id=4128","title":{"rendered":"Dialogi"},"content":{"rendered":"<p><span style=\"color: #444556;\"><span style=\"font-size: 160%;\"><em>baloniki<\/em><\/span><br \/>\n<nbsp;><br \/>\n<span style=\"color: #444556;\"> Radeczek: Pi\u00f3ra? Kto\u015b upu\u015bci\u0142? Z boa?<\/span><br \/>\n<span style=\"color: #444556;\"> Adam: Nie, le\u017ca\u0142y.<\/span><br \/>\n<span style=\"color: #444556;\"> Radeczek: Bo ja&#8230; Chcia\u0142em \u0142apa\u0107 baloniki. Ale one \u2013\u00a0umyka\u0142y, absolutnie.<\/span><\/span><br \/>\n<nbsp;><br \/>\n<nbsp;><br \/>\n<span style=\"color: #444556;\"><span style=\"font-size: 160%;\"><em>cynizm<\/em><\/span><br \/>\n<nbsp;><br \/>\n<span style=\"color: #444556;\">Ja: Wczoraj m\u00f3wi\u0142e\u015b, \u017ce nie jeste\u015b cyniczny.<\/span><br \/>\n<span style=\"color: #444556;\"> S: Nie jestem, to taki lans.<\/span><\/span><br \/>\n<nbsp;><br \/>\n<nbsp;><br \/>\n<span style=\"color: #444556;\"><span style=\"font-size: 160%;\"><em>dlaczego<\/em><\/span><br \/>\n<nbsp;><br \/>\n<span style=\"color: #444556;\"> Ojciec: Co si\u0119 sta\u0142o?<\/span><br \/>\n<span style=\"color: #444556;\"> Panna To: St\u0142uk\u0142am kufelek.<\/span><br \/>\n<span style=\"color: #444556;\"> Ojciec: Dlaczego?<\/span><\/span><br \/>\n<nbsp;><br \/>\n<nbsp;><br \/>\n<span style=\"color: #444556;\"><span style=\"font-size: 160%;\"><em>gwoli \u015bcis\u0142o\u015bci<\/em><\/span><br \/>\n<nbsp;><br \/>\n<span style=\"color: #444556;\"> S: Powiedzia\u0142, \u017ce to jest jak policzek wymierzony mu.<\/span><br \/>\n<span style=\"color: #444556;\"> Adam: W co?<\/span><\/span><br \/>\n<nbsp;><br \/>\n<nbsp;><br \/>\n<span style=\"color: #444556;\"><span style=\"font-size: 160%;\"><em>jak d\u0142ugo<\/em><\/span><br \/>\n<nbsp;><br \/>\n<span style=\"color: #444556;\"> Ja: Jak d\u0142ugo jeste\u015bcie razem?<\/span><br \/>\n<span style=\"color: #444556;\"> Zo\u015b: Cztery i p\u00f3\u0142 roku temu.<\/span><\/span><br \/>\n<nbsp;><br \/>\n<nbsp;><br \/>\n<span style=\"color: #444556;\"><span style=\"font-size: 160%;\"><em>jak si\u0119 m\u00f3wi<\/em><\/span><br \/>\n<nbsp;><br \/>\n<span style=\"color: #444556;\"> Olek: Ja jej \u0142opatologicznie t\u0142umacz\u0119, jak komu\u015b dobremu&#8230;<br \/>\nS: Tak si\u0119 m\u00f3wi?<br \/>\nOlek: Moja mama tak m\u00f3wi.<\/span><br \/>\n<nbsp;><br \/>\n<nbsp;><br \/>\n<span style=\"color: #444556;\"><span style=\"font-size: 160%;\"><em>klasyczna definicja nieprawdy<\/em><\/span><br \/>\n<nbsp;><br \/>\n<span style=\"color: #444556;\"> Darek: To jest nieprawda.<\/span><br \/>\n<span style=\"color: #444556;\"> Szefowa: Dlaczego?<\/span><br \/>\n<span style=\"color: #444556;\"> Ja: Bo tak nie by\u0142o.<\/span><\/span><br \/>\n<nbsp;><br \/>\n<nbsp;><br \/>\n<span style=\"color: #444556;\"><span style=\"font-size: 160%;\"><em>lekcja polskiego<\/em><\/span><br \/>\n<nbsp;><br \/>\n<span style=\"color: #444556;\"> Pan od polskiego: Co robi \u017co\u0142nierz z Westerplatte?<\/span><br \/>\n<span style=\"color: #444556;\"> Radeczek: Idzie do nieba czw\u00f3rkami.<\/span><\/span><br \/>\n<nbsp;><br \/>\n<nbsp;><br \/>\n<span style=\"color: #444556;\"><span style=\"font-size: 160%;\"><em>na dyskotece w pi\u0105tkow\u0105 noc<\/em><\/span> (przys\u0142ane przez Radeczka)<br \/>\n<nbsp;><br \/>\n<span style=\"color: #444556;\"> Radeczek: Idziesz ta\u0144czy\u0107?<\/span><br \/>\n<span style=\"color: #444556;\"> S: Id\u0119 siku.<\/span><\/span><br \/>\n<nbsp;><br \/>\n<nbsp;><br \/>\n<span style=\"color: #444556;\"><span style=\"font-size: 160%;\"><em>na melodi\u0119<\/em><\/span> (Jacek i Barbara, zakochana para)<br \/>\n<nbsp;><br \/>\n<span style=\"color: #444556;\"> Marcin i ja: Mi\u0142o\u015b\u0107 jest g\u0142upia!<\/span><br \/>\n<span style=\"color: #444556;\"> S: Kto si\u0119 nie myje?<\/span><\/span><br \/>\n<nbsp;><br \/>\n<nbsp;><br \/>\n<span style=\"color: #444556;\"><span style=\"font-size: 160%;\"><em>na piwie<\/em><\/span><br \/>\n<nbsp;><br \/>\n<span style=\"color: #444556;\"> Bezdomny: Dajcie z\u0142ot\u00f3wk\u0119 bezdomnemu&#8230;<\/span><br \/>\n<span style=\"color: #444556;\"> Radeczek i ja: Nie mamy.<\/span><br \/>\n<span style=\"color: #444556;\"> Bezdomny: A piwo pijecie&#8230;<\/span><\/span><br \/>\n<nbsp;><br \/>\n<nbsp;><br \/>\n<span style=\"color: #444556;\"><span style=\"font-size: 160%;\"><em>na przystanku<\/em><\/span><br \/>\n<nbsp;><br \/>\n<span style=\"color: #444556;\"> Dresiarz 1: Jedzie?<\/span><br \/>\n<span style=\"color: #444556;\"> Dresiarz 2: Ta, jedzie. Na chuju do raju.<\/span><\/span><br \/>\n<nbsp;><br \/>\n<nbsp;><br \/>\n<span style=\"color: #444556;\"><span style=\"font-size: 160%;\"><em>niania<\/em><\/span><br \/>\n<nbsp;><br \/>\n<span style=\"color: #444556;\"> Ryszard: Wiesz, na Upper West Side jedna niania zaszlachtowa\u0142a w wannie dw\u00f3jk\u0119 dzieci.<\/span><br \/>\n<span style=\"color: #444556;\"> Radeczek: I co? Zwolnili j\u0105?<\/span><\/span><br \/>\n<nbsp;><br \/>\n<nbsp;><br \/>\n<span style=\"color: #444556;\"><span style=\"font-size: 160%;\"><em>nie, bo nie<\/em><\/span> (pods\u0142uchane w tramwaju)<br \/>\n<nbsp;><br \/>\n<span style=\"color: #444556;\"> ch\u0142opiec 1: Ju\u017c nie chodz\u0119 na filologi\u0119.<\/span><br \/>\n<span style=\"color: #444556;\"> ch\u0142opiec 2: Czemu?<\/span><br \/>\n<span style=\"color: #444556;\"> ch\u0142opiec 1: Bo nie chodzi\u0142em.<\/span><\/span><br \/>\n<nbsp;><br \/>\n<nbsp;><br \/>\n<span style=\"color: #444556;\"><span style=\"font-size: 160%;\"><em>nie obra\u017caj\u0105c<\/em><\/span><br \/>\n<nbsp;><br \/>\n<span style=\"color: #444556;\"> Ewa: Bo na jest&#8230; hm&#8230; Jak to si\u0119 m\u00f3wi, \u017ceby nie obra\u017ca\u0107, jak kto\u015b jest&#8230; no, na umy\u015ble&#8230;<\/span><br \/>\n<span style=\"color: #444556;\"> Justyna: Lewor\u0119czna.<\/span><\/span><br \/>\n<nbsp;><br \/>\n<nbsp;><br \/>\n<span style=\"color: #444556;\"><span style=\"font-size: 160%;\"><em>obserwuj\u0105c przyrod\u0119<\/em><\/span><br \/>\n<nbsp;><br \/>\n<span style=\"color: #444556;\"> Ja: Bardzo lubi\u0142am patrze\u0107 na mr\u00f3wcze \u015bcie\u017cki, jak by\u0142am ma\u0142a.<\/span><br \/>\n<span style=\"color: #444556;\"> S: Ja te\u017c. Rzuca\u0142em im kamyczek, \u017ceby si\u0119 dziwi\u0142y.<\/span><\/span><br \/>\n<nbsp;><br \/>\n<nbsp;><br \/>\n<span style=\"color: #444556;\"><span style=\"font-size: 160%;\"><em>o ksi\u0105\u017cce<\/em><\/span><br \/>\n<nbsp;><br \/>\n<span style=\"color: #444556;\"> Panna To, z kamienn\u0105 twarz\u0105: Bo to, \u017ce g\u0142\u00f3wny bohater mia\u0142 nad \u0142\u00f3\u017ckiem portret Mao, jest zabawne, prawda? Mnie to bawi.<\/span><br \/>\n<span style=\"color: #444556;\"> Ja, beznami\u0119tnie: Tak, te\u017c uwa\u017cam, \u017ce to bardzo zabawne.<\/span><\/span><br \/>\n<nbsp;><br \/>\n<nbsp;><br \/>\n<span style=\"color: #444556;\"><span style=\"font-size: 160%;\"><em>o kulturze<\/em><\/span><br \/>\n<nbsp;><br \/>\n<span style=\"color: #444556;\"> Dziewczynka: O, pa\u0142ac kultury&#8230; Co to jest kultura?<\/span><br \/>\n<span style=\"color: #444556;\"> Matka (znu\u017cona, westchn\u0105wszy): Jak kto\u015b jest dobrze wychowany.<\/span><\/span><br \/>\n<nbsp;><br \/>\n<nbsp;><br \/>\n<span style=\"color: #444556;\"><span style=\"font-size: 160%;\"><em>o mie\u015bcie P.<\/em><\/span><br \/>\n<nbsp;><br \/>\n<span style=\"color: #444556;\"> Blanka: A korki macie?<\/span><br \/>\n<span style=\"color: #444556;\"> Darek: Jeden.<\/span><\/span><br \/>\n<nbsp;><br \/>\n<nbsp;><br \/>\n<span style=\"color: #444556;\"><span style=\"font-size: 160%;\"><em>o muzyce<\/em><\/span><br \/>\n<nbsp;><br \/>\n<span style=\"color: #444556;\"> Ja: I wiesz, dosz\u0142am do wniosku, \u017ce\u00a0<em>Utwierd\u017a mnie<\/em> to bardzo m\u0105dra piosenka.<\/span><br \/>\n<span style=\"color: #444556;\"> Micha\u0142: Im jestem starszy, tym wi\u0119ksza jest liczba piosenek, kt\u00f3re wydaj\u0105 mi si\u0119 \u00a0m\u0105dre.<\/span><\/span><br \/>\n<nbsp;><br \/>\n<nbsp;><br \/>\n<span style=\"color: #444556;\"><span style=\"font-size: 160%;\"><em>o nauce<\/em><\/span><br \/>\n<nbsp;><br \/>\n<span style=\"color: #444556;\">Przystanek, nadje\u017cd\u017ca tramwaj z liter\u0105 L na tablicy.<br \/>\nDziewczynka: Mama, patrz, jaki dziwny tramwaj.<br \/>\nMatka: To znaczy \u201enauka jazdy\u201d.<br \/>\nDziewczynka: Nauka jazdy\u2026 Hahaha! Chyba laluka! Laluka jazdy!<\/span><\/span><br \/>\n<nbsp;><br \/>\n<nbsp;><br \/>\n<span style=\"color: #444556;\"><span style=\"font-size: 160%;\"><em>o pami\u0119ci<\/em><\/span><br \/>\n<nbsp;><br \/>\n<span style=\"color: #444556;\">Tramwaj, dziewczynka powtarza nazwy przystank\u00f3w: Ochota Latusz? Kloc Nalodowicza?<br \/>\nMatka: Plac Narutowicza.<br \/>\nDziewczynka: Plac Nalodowicza?<br \/>\nMatka: Narutowicza.<br \/>\nDziewczynka (z zadum\u0105): Nalutowicza\u2026 Mo\u017ce zapami\u0119\u0119\u0119tam\u2026<\/span><\/span><br \/>\n<nbsp;><br \/>\n<nbsp;><br \/>\n<span style=\"color: #444556;\"><span style=\"font-size: 160%;\"><em>o pudle<\/em><\/span><br \/>\n<nbsp;><br \/>\n<span style=\"color: #444556;\"> G: Raz moja szefowa zostawi\u0142a jakie\u015b prywatne pud\u0142a w s\u0142u\u017cbowym samochodzie. Na jednym by\u0142 napis RZADZIEJ U\u017bYWANE MAJTKI.<\/span><br \/>\n<span style=\"color: #444556;\"> Adam: Przez jakie \u017cet?<\/span><\/span><br \/>\n<nbsp;><br \/>\n<nbsp;><br \/>\n<span style=\"color: #444556;\"><span style=\"font-size: 160%;\"><em>o seksie<\/em><\/span><br \/>\n<nbsp;><br \/>\n<span style=\"color: #444556;\"> Czy jak si\u0119 kochamy, to si\u0119 \u015blinisz?<\/span><br \/>\n<span style=\"color: #444556;\"> Nie, bo jestem wtedy bardzo zaj\u0119ty.<\/span><\/span><br \/>\n<nbsp;><br \/>\n<nbsp;><br \/>\n<span style=\"color: #444556;\"><span style=\"font-size: 160%;\"><em>o serze<\/em><\/span><br \/>\n<nbsp;><br \/>\n<span style=\"color: #444556;\"> Iwasz (rano): Wiecie, co mi si\u0119 \u015bni\u0142o? \u015ani\u0142o mi si\u0119, \u017ce znalaz\u0142em ser.<\/span><br \/>\n<span style=\"color: #444556;\"> Panna To: Ja go naprawd\u0119 znalaz\u0142am. Albo mi si\u0119 wydawa\u0142o. Sprawdz\u0119.<\/span><br \/>\n<span style=\"color: #444556;\"> &#8230; Wydawa\u0142o mi si\u0119.<\/span><\/span><br \/>\n<nbsp;><br \/>\n<nbsp;><br \/>\n<span style=\"color: #444556;\"><span style=\"font-size: 160%;\"><em>o torbie<\/em><\/span><br \/>\n<nbsp;><br \/>\n<span style=\"color: #444556;\"> Ja: Kt\u00f3ra to torba?<\/span><br \/>\n<span style=\"color: #444556;\"> Adam: Ta mia\u0142a kt\u00f3ra p\u00f3j\u015b\u0107 na szmaty.<\/span><\/span><br \/>\n<nbsp;><br \/>\n<nbsp;><br \/>\n<span style=\"color: #444556;\"><span style=\"font-size: 160%;\"><em>o w\u0119\u017cach<\/em><\/span><br \/>\n<nbsp;><br \/>\n<span style=\"color: #444556;\"> S: Wiesz, jak robi w\u0105\u017c?<\/span><br \/>\n<span style=\"color: #444556;\"> Radeczek: Ty nawet nie wiesz, jak one potrafi\u0105 sycze\u0107&#8230;<\/span><\/span><br \/>\n<nbsp;><br \/>\n<nbsp;><br \/>\n<span style=\"color: #444556;\"><span style=\"font-size: 160%;\"><em>o \u017cyciu<\/em><\/span><br \/>\n<nbsp;><br \/>\n<span style=\"color: #444556;\"> Znajomy: Mamo, co ci\u0119 nasz\u0142o, \u017ceby pi\u0107 przed po\u0142udniem?<\/span><br \/>\n<span style=\"color: #444556;\"> Mama znajomego: A wkurzy\u0142am si\u0119.<\/span><br \/>\n<span style=\"color: #444556;\"> Znajomy: Dlaczego?<\/span><br \/>\n<span style=\"color: #444556;\"> Mama znajomego: Bo takie sobie \u017cycie wybra\u0142am.<\/span><\/span><br \/>\n<nbsp;><br \/>\n<nbsp;><br \/>\n<span style=\"color: #444556;\"><span style=\"font-size: 160%;\"><em>po czasie<\/em><\/span><br \/>\n<nbsp;><br \/>\n<span style=\"color: #444556;\"> Ja: By\u0142y takie momenty, \u017ce ci\u0119 nienawidzi\u0142am.<\/span><br \/>\n<span style=\"color: #444556;\"> Kolega, podekscytowany: Kiedy?<\/span><br \/>\n<span style=\"color: #444556;\"> Ja: Nie pami\u0119tam.<\/span><\/span><br \/>\n<nbsp;><br \/>\n<nbsp;><br \/>\n<span style=\"color: #444556;\"><span style=\"font-size: 160%;\"><em>podni\u00f3s\u0142szy<\/em><\/span><br \/>\n<nbsp;><br \/>\n<span style=\"color: #444556;\"> Radeczek: Co to? Pi\u0119\u0107 groszy?<\/span><br \/>\n<span style=\"color: #444556;\"> Ksi\u0105\u017c\u0119: Nie, tylko pestka od wi\u015bni.<\/span><\/span><br \/>\n<nbsp;><br \/>\n<nbsp;><br \/>\n<span style=\"color: #444556;\"><span style=\"font-size: 160%;\"><em>po pijaku<\/em><\/span><br \/>\n<nbsp;><br \/>\n<span style=\"color: #444556;\">Dzi\u015b jest z\u0142y dzie\u0144 dla moich oczu, szczypi\u0105 mnie i p\u0142acz\u0105.<\/span><br \/>\n<span style=\"color: #444556;\">Mam brudne d\u0142onie, zbola\u0142e s\u0105. Brudne jak stopy, ale bardziej.<\/span><\/span><br \/>\n<nbsp;><br \/>\n<nbsp;><br \/>\n<span style=\"color: #444556;\"><span style=\"font-size: 160%;\"><em>pod sklepem<\/em><\/span><br \/>\n<nbsp;><br \/>\n<span style=\"color: #444556;\"> Listonosz: Czy wy si\u0119 kochacie?<\/span><br \/>\n<span style=\"color: #444556;\"> Hydraulik: Jeszcze nie.<\/span><\/span><br \/>\n<nbsp;><br \/>\n<nbsp;><br \/>\n<span style=\"color: #444556;\"><span style=\"font-size: 160%;\"><em>przed kolacj\u0105<\/em><\/span><br \/>\n<nbsp;><br \/>\n<span style=\"color: #444556;\"> Sebastian do Blanki: Mo\u017ce ty g\u0142odna jeste\u015b?<\/span><br \/>\n<span style=\"color: #444556;\"> Natalia: Ona ma marzenia!<\/span><\/span><br \/>\n<nbsp;><br \/>\n<nbsp;><br \/>\n<span style=\"color: #444556;\"><span style=\"font-size: 160%;\"><em>po obiedzie<\/em><\/span><br \/>\n<nbsp;><br \/>\n<span style=\"color: #444556;\"> Hydraulik: Ju\u017c wkr\u00f3tce dni zaczn\u0105 si\u0119 wyd\u0142u\u017ca\u0107.<\/span><br \/>\n<span style=\"color: #444556;\"> Ja: Sk\u0105d wiesz?<\/span><br \/>\n<span style=\"color: #444556;\"> Hydraulik: Poczu\u0142em, jak si\u0119 ziemia zatrzyma\u0142a.<\/span><\/span><br \/>\n<nbsp;><br \/>\n<nbsp;><br \/>\n<span style=\"color: #444556;\"><span style=\"font-size: 160%;\"><em>po zebraniu<\/em><\/span><br \/>\n<nbsp;><br \/>\n<span style=\"color: #444556;\"> Monika: Ju\u017c?<\/span><br \/>\n<span style=\"color: #444556;\"> Darek: Ja ju\u017c od dawna.<\/span><\/span><br \/>\n<nbsp;><br \/>\n<nbsp;><br \/>\n<span style=\"color: #444556;\"><span style=\"font-size: 160%;\"><em>rano<\/em><\/span><br \/>\n<nbsp;><br \/>\n<span style=\"color: #444556;\"> Ja: \u015ani\u0142o mi si\u0119, \u017ce spu\u015bci\u0142am takiemu jednemu straszliwy wpierdol&#8230; Ale nale\u017ca\u0142o mu si\u0119. <\/span><br \/>\n<span style=\"color: #444556;\"> Adam: Tak w\u0142a\u015bnie my\u015bla\u0142em.<\/span><\/span><br \/>\n<nbsp;><br \/>\n<nbsp;><br \/>\n<span style=\"color: #444556;\"><span style=\"font-size: 160%;\"><em>szybciej<\/em><\/span><br \/>\n<nbsp;><br \/>\n<span style=\"color: #444556;\"> Szefowa: Co si\u0119 z tym dzieje?<\/span><br \/>\n<span style=\"color: #444556;\"> Ja: Czytam.<\/span><br \/>\n<span style=\"color: #444556;\"> Szefowa: Kiedy dasz mi odpowied\u017a?<\/span><br \/>\n<span style=\"color: #444556;\"> Ja: Nie umiem ci teraz powiedzie\u0107.<\/span><br \/>\n<span style=\"color: #444556;\"> Szefowa: Potrzebuj\u0119 odpowiedzi szybciej.<\/span><\/span><br \/>\n<nbsp;><br \/>\n<nbsp;><br \/>\n<span style=\"color: #444556;\"><span style=\"font-size: 160%;\"><em>taczki<\/em><\/span><br \/>\n<nbsp;><br \/>\n<span style=\"color: #444556;\"> Ojciec: Wiesz, kto opl\u0105ta\u0142 taczki drutem?<\/span><br \/>\n<span style=\"color: #444556;\"> Panna To: Nie.<\/span><br \/>\n<span style=\"color: #444556;\"> Ojciec: To dobrze.<\/span><\/span><br \/>\n<nbsp;><br \/>\n<nbsp;><br \/>\n<span style=\"color: #444556;\"><span style=\"font-size: 160%;\"><em>To<\/em><\/span><br \/>\n<nbsp;><br \/>\n<span style=\"color: #444556;\">Justyna: Id\u0119 dzi\u015b na <em>To<\/em>.<\/span><br \/>\n<span style=\"color: #444556;\">Ja: Na co?<\/span><br \/>\n<span style=\"color: #444556;\">Justyna: Na film <em>To<\/em>.<\/span><br \/>\n<span style=\"color: #444556;\">Ja: A to ja nie wiem, co to.<\/span><\/span><br \/>\n<nbsp;><br \/>\n<nbsp;><br \/>\n<span style=\"color: #444556;\"><span style=\"font-size: 160%;\"><em>tylko dziewczynkom<\/em><\/span><br \/>\n<nbsp;><br \/>\n<span style=\"color: #444556;\">Ja: M\u00f3wili ci &#8222;P\u0142acz, p\u0142acz, b\u0119dziesz mia\u0142 \u0142adniejsze oczy&#8221;, jak by\u0142e\u015b ma\u0142y?<br \/>\nAdam: Nie, tylko dziewczynkom tak m\u00f3wi\u0105.<\/span><br \/>\n<nbsp;><br \/>\n<nbsp;><br \/>\n<span style=\"color: #444556;\"><span style=\"font-size: 160%;\"><em>uderzywszy<\/em><\/span><br \/>\n<nbsp;><br \/>\n<span style=\"color: #444556;\"> Potkn\u0119\u0142am si\u0119 i uderzy\u0142am si\u0119 niechc\u0105cy o st\u00f3\u0142.<\/span><br \/>\n<span style=\"color: #444556;\"> Adam: A\u0142a!<\/span><br \/>\n<span style=\"color: #444556;\"> Ja: Przepraszam.<\/span><\/span><br \/>\n<nbsp;><br \/>\n<nbsp;><br \/>\n<span style=\"color: #444556;\"><span style=\"font-size: 160%;\"><em>u\u0142amki<\/em><\/span> (zanotowane przez Ag\u0119)<br \/>\n<nbsp;><br \/>\n<span style=\"color: #444556;\"> Za oknem, g\u0142os 1: Sze\u015b\u0107 pi\u0105tych to ile to b\u0119dzie?<\/span><br \/>\n<span style=\"color: #444556;\"> Za oknem, g\u0142os 2: To ty kurwa nie wiesz? Pi\u0119\u0107 doda\u0107 pi\u0119\u0107, doda\u0107 pi\u0119\u0107, doda\u0107 pi\u0119\u0107, doda\u0107 pi\u0119\u0107, doda\u0107 pi\u0119\u0107!<\/span><\/span><br \/>\n<nbsp;><br \/>\n<nbsp;><br \/>\n<span style=\"color: #444556;\"><span style=\"font-size: 160%;\"><em>u rodzic\u00f3w<\/em><\/span><br \/>\n<nbsp;><br \/>\n<span style=\"color: #444556;\"> Ojciec: Agulczyku?<\/span><br \/>\n<span style=\"color: #444556;\"> Mama: Moment!<\/span><br \/>\n<span style=\"color: #444556;\"> Ojciec: Ju\u017c nie jeste\u015b mi potrzebna.<\/span><\/span><br \/>\n<nbsp;><br \/>\n<nbsp;><br \/>\n<span style=\"color: #444556;\"><span style=\"font-size: 160%;\"><em>w drodze<\/em><\/span><br \/>\n<nbsp;><br \/>\n<span style=\"color: #444556;\"> Natalia: Ale my zamawiali\u015bmy dwie taks\u00f3wki.<\/span><br \/>\n<span style=\"color: #444556;\"> Taks\u00f3wkarz: Ale ja jestem jeden.<\/span><br \/>\n<span style=\"color: #444556;\"> Natalia: No w\u0142a\u015bnie.<\/span><\/span><br \/>\n<nbsp;><br \/>\n<nbsp;><br \/>\n<span style=\"color: #444556;\"><span style=\"font-size: 160%;\"><em>w drogerii<\/em><\/span> (przys\u0142ane przez pann\u0119 To)<br \/>\n<nbsp;><br \/>\n<span style=\"color: #444556;\"> Klientka: Poprosz\u0119 krem z jadu \u017cmii.<\/span><br \/>\n<span style=\"color: #444556;\"> Sprzedawczyni: Z jadu \u017cmii? A nie ze \u015bluzu \u015blimaka?<\/span><\/span><br \/>\n<nbsp;><br \/>\n<nbsp;><br \/>\n<span style=\"color: #444556;\"><span style=\"font-size: 160%;\"><em>w pekaesie<\/em><\/span><br \/>\n<nbsp;><br \/>\n<span style=\"color: #444556;\"> Dziewczynka: Mama, a gdzie jest koniec \u015bwiata?<\/span><br \/>\n<span style=\"color: #444556;\"> Matka: Nie ma. Bo \u015bwiat jest okr\u0105g\u0142y. Jest okr\u0105g\u0142\u0105 kul\u0105.<\/span><\/span><br \/>\n<nbsp;><br \/>\n<nbsp;><br \/>\n<span style=\"color: #444556;\"><span style=\"font-size: 160%;\"><em>w poci\u0105gu<\/em><\/span><br \/>\n<nbsp;><br \/>\n<span style=\"color: #444556;\"> Maszynista do CB-radia: Osobowy jestem.<\/span><br \/>\n<span style=\"color: #444556;\"> CB-radio: R\u00f3wnie\u017c.<\/span><\/span><br \/>\n<nbsp;><br \/>\n<nbsp;><br \/>\n<span style=\"color: #444556;\"><span style=\"font-size: 160%;\"><em>w tramwaju 2<\/em><\/span><br \/>\n<nbsp;><br \/>\n<span style=\"color: #444556;\"> Wsiadaj\u0105ca kobieta do wysiadaj\u0105cego m\u0119\u017cczyzny, karc\u0105co: Trzeba wcze\u015bniej wychodzi\u0107!<\/span><br \/>\n<span style=\"color: #444556;\"> M\u0119\u017cczyzna, agresywnie: Mi si\u0119 podoba, kiedy wychodz\u0119!<\/span><\/span><br \/>\n<nbsp;><br \/>\n<nbsp;><br \/>\n<span style=\"color: #444556;\"><span style=\"font-size: 160%;\"><em>w spo\u017cywczym<\/em><\/span><br \/>\n<nbsp;><br \/>\n<span style=\"color: #444556;\"> Sprzedawczyni: Co jeszcze?<\/span><br \/>\n<span style=\"color: #444556;\"> Klientka: Goudy.<\/span><br \/>\n<span style=\"color: #444556;\"> Sprzedawczyni: Ile?<\/span><br \/>\n<span style=\"color: #444556;\"> Klientka: Takie wi\u0119ksze p\u00f3\u0142 kilo.<\/span><\/span><br \/>\n<nbsp;><br \/>\n<nbsp;><br \/>\n<span style=\"color: #444556;\"><span style=\"font-size: 160%;\"><em>w z\u0142o\u015bci<\/em><\/span><br \/>\n<nbsp;><br \/>\n<span style=\"color: #444556;\"> Ja: B\u0119dziesz si\u0119 na mnie z\u0142o\u015bci\u0142, tak? Prosz\u0119 bardzo!<\/span><br \/>\n<span style=\"color: #444556;\"> Adam: Sama prosz\u0119 bardzo!<\/span><\/span><br \/>\n<nbsp;><br \/>\n<nbsp;><br \/>\n<span style=\"color: #444556;\"><span style=\"font-size: 160%;\"><em>w z\u0142ym humorze<\/em><\/span><br \/>\n<nbsp;><br \/>\n<span style=\"color: #444556;\"> Mama: Czemu masz tak\u0105 min\u0119?<\/span><br \/>\n<span style=\"color: #444556;\"> Ja: Bo jestem w z\u0142ym humorze.<\/span><br \/>\n<span style=\"color: #444556;\"> Mama (ze z\u0142o\u015bci\u0105): A musisz nam to okazywa\u0107?!<\/span><\/span><br \/>\n<nbsp;><br \/>\n<nbsp;><br \/>\n<span style=\"color: #444556;\"><span style=\"font-size: 160%;\"><em>z by\u0142\u0105<\/em><\/span><br \/>\n<nbsp;><br \/>\n<span style=\"color: #444556;\"> By\u0142a dziewczyna kolegi:\u00a0Jestem chora, wczoraj dwa razy upad\u0142am&#8230;<\/span><br \/>\n<span style=\"color: #444556;\"> Kolega: &#8230;<\/span><br \/>\n<span style=\"color: #444556;\"> By\u0142a dziewczyna kolegi: Fajnie, \u017ce pytasz, co mi jest i jak si\u0119 czuj\u0119&#8230;<\/span><br \/>\n<span style=\"color: #444556;\"> Kolega: Jak si\u0119 czujesz?<\/span><\/span><br \/>\n<nbsp;><br \/>\n<nbsp;><br \/>\n<span style=\"color: #444556;\"><span style=\"font-size: 160%;\"><em>z czternastoletnim bratem<\/em><\/span><br \/>\n<nbsp;><br \/>\n<span style=\"color: #444556;\"> Brat: Jezu, co to jest?!<\/span><br \/>\n<span style=\"color: #444556;\"> Ja: D\u017cd\u017cownica.<\/span><br \/>\n<span style=\"color: #444556;\"> Brat: Mog\u0119 zabi\u0107?<\/span><\/span><br \/>\n<nbsp;><br \/>\n<nbsp;><br \/>\n<span style=\"color: #444556;\"><span style=\"font-size: 160%;\"><em>z zamian\u0105<\/em><\/span> (opowiedziane przez Adama)<br \/>\n<nbsp;><br \/>\n<span style=\"color: #444556;\"> Kilkuletnia Pola do swojego ojca, d\u0142ugo i uporczywie: Powiedz \u201etato\u201d. No pooowiedz&#8230;<\/span><br \/>\n<span style=\"color: #444556;\"> Ojciec, w ko\u0144cu: Tato.<\/span><\/span><\/p>\n","protected":false},"excerpt":{"rendered":"<p>baloniki Radeczek: Pi\u00f3ra? Kto\u015b upu\u015bci\u0142? Z boa? Adam: Nie, le\u017ca\u0142y. Radeczek: Bo ja&#8230; Chcia\u0142em \u0142apa\u0107 baloniki. Ale one \u2013\u00a0umyka\u0142y, absolutnie. cynizm Ja: Wczoraj m\u00f3wi\u0142e\u015b, \u017ce nie jeste\u015b cyniczny. S: Nie jestem, to taki lans. dlaczego Ojciec: Co si\u0119 sta\u0142o? Panna To: St\u0142uk\u0142am kufelek. Ojciec: Dlaczego? gwoli \u015bcis\u0142o\u015bci S: Powiedzia\u0142, \u017ce to jest jak policzek wymierzony [&hellip;]<\/p>\n","protected":false},"author":1,"featured_media":0,"parent":0,"menu_order":3,"comment_status":"open","ping_status":"open","template":"commentable.php","meta":{"jetpack_post_was_ever_published":false,"footnotes":""},"class_list":["post-4128","page","type-page","status-publish","hentry"],"jetpack_sharing_enabled":true,"_links":{"self":[{"href":"https:\/\/karo.iwasz.pl\/blog\/index.php?rest_route=\/wp\/v2\/pages\/4128","targetHints":{"allow":["GET"]}}],"collection":[{"href":"https:\/\/karo.iwasz.pl\/blog\/index.php?rest_route=\/wp\/v2\/pages"}],"about":[{"href":"https:\/\/karo.iwasz.pl\/blog\/index.php?rest_route=\/wp\/v2\/types\/page"}],"author":[{"embeddable":true,"href":"https:\/\/karo.iwasz.pl\/blog\/index.php?rest_route=\/wp\/v2\/users\/1"}],"replies":[{"embeddable":true,"href":"https:\/\/karo.iwasz.pl\/blog\/index.php?rest_route=%2Fwp%2Fv2%2Fcomments&post=4128"}],"version-history":[{"count":83,"href":"https:\/\/karo.iwasz.pl\/blog\/index.php?rest_route=\/wp\/v2\/pages\/4128\/revisions"}],"predecessor-version":[{"id":11444,"href":"https:\/\/karo.iwasz.pl\/blog\/index.php?rest_route=\/wp\/v2\/pages\/4128\/revisions\/11444"}],"wp:attachment":[{"href":"https:\/\/karo.iwasz.pl\/blog\/index.php?rest_route=%2Fwp%2Fv2%2Fmedia&parent=4128"}],"curies":[{"name":"wp","href":"https:\/\/api.w.org\/{rel}","templated":true}]}}